{"id":1043,"date":"2016-03-16T12:41:44","date_gmt":"2016-03-16T12:41:44","guid":{"rendered":"http:\/\/www.fruitales.com\/?page_id=1043"},"modified":"2018-11-28T19:06:56","modified_gmt":"2018-11-28T18:06:56","slug":"home-2","status":"publish","type":"page","link":"http:\/\/www.fruitales.com\/","title":{"rendered":"Accueil"},"content":{"rendered":"<p>[vc_row full_width=\u00a0\u00bbstretch_row_content_no_spaces\u00a0\u00bb inverse=\u00a0\u00bb\u00a0\u00bb][vc_column]<div class=\"sc_parallax\" data-parallax-speed=\"0.5\" data-parallax-x-pos=\"50%\" data-parallax-y-pos=\"50%\"><div class=\"sc_parallax_content\" style=\"background-image:url(http:\/\/www.fruitales.com\/wp-content\/uploads\/2016\/03\/bg_fruits.png); background-position:50% 50%;\"><div class=\"sc_content content_wrap\" style=\"padding: 6.5rem 0;\"><div id=\"sc_services_1626847505_wrap\" class=\"sc_services_wrap\"><div id=\"sc_services_1626847505\" class=\"sc_services sc_services_style_services-1 sc_services_type_images \" style=\"width:100%;\"><h3 class=\"sc_services_title sc_item_title\">Nos gammes de produits<\/h3><h6 class=\"sc_services_subtitle sc_item_subtitle\">Que des produits naturels et savoureux<\/h6><div class=\"sc_columns columns_wrap\"><div class=\"column-1_3 column_padding_bottom\">\t\t\t<div id=\"sc_services_1626847505_1\"\t\t\t\tclass=\"sc_services_item sc_services_item_1 odd first\"\n\t\t\t\t>\n\t\t\t\t\t\t\t\t\t<div class=\"sc_services_item_featured post_featured\">\n\t\t\t\t\t\t\t<div class=\"post_thumb\" data-image=\"http:\/\/www.fruitales.com\/wp-content\/uploads\/2016\/03\/spice.png\" data-title=\"Les \u00e9pic\u00e9es\">\n\t<a class=\"hover_icon hover_icon_link\" href=\"http:\/\/www.fruitales.com\/?services=organic\"><img class=\"wp-post-image\" alt=\"Les \u00e9pic\u00e9es\" src=\"http:\/\/www.fruitales.com\/wp-content\/uploads\/2016\/03\/spice.png\"><\/a>\t<\/div>\n\t\t\t\t\t\t<\/div>\n\t\t\t\t\t\t\t\t\t<div class=\"sc_services_item_content\">\n\t\t\t\t\t<h4 class=\"sc_services_item_title\"><a href=\"http:\/\/www.fruitales.com\/?services=organic\">Les \u00e9pic\u00e9es<\/a><\/h4>\n\t\t\t\t\t<div class=\"sc_services_item_description\">\n\t\t\t\t\t\t<p>Pour qu\u2019il y en ait pour tous les go\u00fbts, Fruitales propose des saveurs et des textures diff\u00e9rentes et continuera d\u2019innover pour piquer votre...<\/p><a href=\"http:\/\/www.fruitales.com\/?services=organic\" class=\"sc_services_item_readmore sc_button sc_button_square sc_button_style_border\">En savoir plus<\/a>\t\t\t\t\t<\/div>\n\t\t\t\t<\/div>\n\t\t\t<\/div>\n\t\t<\/div><div class=\"column-1_3 column_padding_bottom\">\t\t\t<div id=\"sc_services_1626847505_2\"\t\t\t\tclass=\"sc_services_item sc_services_item_2 even\"\n\t\t\t\t>\n\t\t\t\t\t\t\t\t\t<div class=\"sc_services_item_featured post_featured\">\n\t\t\t\t\t\t\t<div class=\"post_thumb\" data-image=\"http:\/\/www.fruitales.com\/wp-content\/uploads\/2016\/03\/teapot.png\" data-title=\"Les th\u00e9s, infusions et jus\">\n\t<a class=\"hover_icon hover_icon_link\" href=\"http:\/\/www.fruitales.com\/?services=natural\"><img class=\"wp-post-image\" alt=\"Les th\u00e9s, infusions et jus\" src=\"http:\/\/www.fruitales.com\/wp-content\/uploads\/2016\/03\/teapot.png\"><\/a>\t<\/div>\n\t\t\t\t\t\t<\/div>\n\t\t\t\t\t\t\t\t\t<div class=\"sc_services_item_content\">\n\t\t\t\t\t<h4 class=\"sc_services_item_title\"><a href=\"http:\/\/www.fruitales.com\/?services=natural\">Les th\u00e9s, infusions et jus<\/a><\/h4>\n\t\t\t\t\t<div class=\"sc_services_item_description\">\n\t\t\t\t\t\t<p>Nos tisanes, infusions et jus\u00a0 \u00e0 base de fleurs, fruits et feuilles du S\u00e9n\u00e9gal.<\/p><a href=\"http:\/\/www.fruitales.com\/?services=natural\" class=\"sc_services_item_readmore sc_button sc_button_square sc_button_style_border\">En savoir plus<\/a>\t\t\t\t\t<\/div>\n\t\t\t\t<\/div>\n\t\t\t<\/div>\n\t\t<\/div><div class=\"column-1_3 column_padding_bottom\">\t\t\t<div id=\"sc_services_1626847505_3\"\t\t\t\tclass=\"sc_services_item sc_services_item_3 odd\"\n\t\t\t\t>\n\t\t\t\t\t\t\t\t\t<div class=\"sc_services_item_featured post_featured\">\n\t\t\t\t\t\t\t<div class=\"post_thumb\" data-image=\"http:\/\/www.fruitales.com\/wp-content\/uploads\/2016\/03\/jelly.png\" data-title=\"Les sucr\u00e9es\">\n\t<a class=\"hover_icon hover_icon_link\" href=\"http:\/\/www.fruitales.com\/?services=healthy\"><img class=\"wp-post-image\" alt=\"Les sucr\u00e9es\" src=\"http:\/\/www.fruitales.com\/wp-content\/uploads\/2016\/03\/jelly.png\"><\/a>\t<\/div>\n\t\t\t\t\t\t<\/div>\n\t\t\t\t\t\t\t\t\t<div class=\"sc_services_item_content\">\n\t\t\t\t\t<h4 class=\"sc_services_item_title\"><a href=\"http:\/\/www.fruitales.com\/?services=healthy\">Les sucr\u00e9es<\/a><\/h4>\n\t\t\t\t\t<div class=\"sc_services_item_description\">\n\t\t\t\t\t\t<p>Fruitales vous propose d\u2019exquises confitures, cr\u00e8mes, gel\u00e9es , marmelades et de d\u00e9licieux sirops qui r\u00e9v\u00e8lent bien le go\u00fbt du fruit. Chaque ann\u00e9e...<\/p><a href=\"http:\/\/www.fruitales.com\/?services=healthy\" class=\"sc_services_item_readmore sc_button sc_button_square sc_button_style_border\">En savoir plus<\/a>\t\t\t\t\t<\/div>\n\t\t\t\t<\/div>\n\t\t\t<\/div>\n\t\t<\/div><\/div><\/div><!-- \/.sc_services --><\/div><!-- \/.sc_services_wrap --><\/div><\/div><\/div>[\/vc_column][\/vc_row][vc_row full_width=\u00a0\u00bbstretch_row_content_no_spaces\u00a0\u00bb][vc_column]<div class=\"sc_promo sc_promo_size_large\"><div class=\"sc_promo_inner\"><div class=\"sc_promo_image\" style=\"background-image:url(http:\/\/www.fruitales.com\/wp-content\/uploads\/2018\/07\/6-1.png);width:50%;right: 0;\"><\/div><div class=\"content_wrap\"><div class=\"sc_promo_block sc_align_left left\" style=\"width: 50%; float: left;\"><div class=\"sc_promo_block_inner\"><div class=\"sc_promo_content\"><div class=\"sc_section\"><div class=\"sc_section_inner\"><div class=\"sc_section_content_wrap\"><div class=\"sc_section sc_section_block \"><div class=\"sc_section_inner\"><div class=\"sc_section_content_wrap\"><figure class=\"sc_image  alignleft sc_image_shape_square margin_top_null margin_bottom_null margin_left_small-\"><img src=\"http:\/\/www.fruitales.com\/wp-content\/uploads\/2018\/09\/jam-copie.png\" alt=\"\" \/><\/figure><h2 class=\"sc_title sc_title_underline sc_align_left margin_top_small margin_bottom_small\" style=\"text-align:left;color:#ffffff;\">Vous souhaitez \u00eatre distributeur de nos produits?<\/h2><\/div><\/div><\/div>[vc_column_text]<span style=\"color: #fff; font-size: 1.175em;\">Nous mettons \u00e0 disposition un large catalogue de produits disponible pour les grossistes et grandes surfaces.<\/span>[\/vc_column_text]<a href=\"?page_id=1291\" target=\"_blank\" class=\"sc_button sc_button_square sc_button_style_filled_2 sc_button_size_small margin_top_medium  sc_button_iconed icon-plus\">En savoir plus<\/a><\/div><\/div><\/div><\/div><\/div><\/div><\/div><\/div><\/div>[\/vc_column][\/vc_row][vc_row full_width=\u00a0\u00bbstretch_row_content_no_spaces\u00a0\u00bb inverse=\u00a0\u00bb\u00a0\u00bb][vc_column]<div class=\"sc_parallax\" data-parallax-speed=\"0.5\" data-parallax-x-pos=\"50%\" data-parallax-y-pos=\"50%\"><div class=\"sc_parallax_content\" style=\"background-image:url(http:\/\/www.fruitales.com\/wp-content\/uploads\/2016\/03\/bg_fruits.png); background-position:50% 50%;\"><div class=\"sc_content content_wrap\" style=\"padding: 6.5rem 0 6rem;\"><div id=\"sc_blogger_492197370\" class=\"sc_blogger layout_classic_3 template_masonry  sc_blogger_horizontal no_description\"><h3 class=\"sc_blogger_title sc_item_title\">Articles r\u00e9cents<\/h3><h6 class=\"sc_blogger_subtitle sc_item_subtitle\">Nous vous offrons des conseils, astuces et secrets pour r\u00e9ussir vos compositions.<\/h6><div class=\"isotope_wrap\" data-columns=\"3\">\t\t<div class=\"isotope_item isotope_item_classic isotope_item_classic_3 isotope_column_3\t\t\t\t\t\">\n\t\t\t<div class=\"post_item post_item_classic post_item_classic_3\t\t\t\t  post_format_standard odd\">\n\n                \n\t\t\t\t\t\t\t\t\t<div class=\"post_featured\">\n\t\t\t\t\t\t\t<div class=\"post_thumb\" data-image=\"http:\/\/www.fruitales.com\/wp-content\/uploads\/2018\/09\/citron-confit.png\" data-title=\"Le  citron confit : comment l\u2019utiliser ?\">\n\t<a class=\"hover_icon hover_icon_link\" href=\"http:\/\/www.fruitales.com\/?p=2031\"><img class=\"wp-post-image\" width=\"370\" height=\"370\" alt=\"Le  citron confit : comment l\u2019utiliser ?\" src=\"http:\/\/www.fruitales.com\/wp-content\/uploads\/2018\/09\/citron-confit-370x370.png\"><\/a>\t<\/div>\n\t\t\t\t\t\t<\/div>\n\t\t\t\t\n\t\t\t\t<div class=\"post_content isotope_item_content\">\n                    \t\t\t\t\t\t\t<h5 class=\"post_title\"><a href=\"http:\/\/www.fruitales.com\/?p=2031\">Le  citron confit : comment l\u2019utiliser ?<\/a><\/h5>\n                                <div class=\"post_info\">\n\t\t\t<span class=\"post_info_item post_info_posted\"> <a href=\"http:\/\/www.fruitales.com\/?p=2031\" class=\"post_info_date\">5 September 2018<\/a><\/span>\n\t\t\t\t<span class=\"post_info_item post_info_counters\">\t<a class=\"post_counters_item post_counters_views icon-eye\" title=\"Views - 35849\" href=\"http:\/\/www.fruitales.com\/?p=2031\"><span class=\"post_counters_number\">35849<\/span><\/a>\n\t\t<a class=\"post_counters_item post_counters_comments icon-comment\" title=\"Comments - 0\" href=\"http:\/\/www.fruitales.com\/?p=2031#respond\"><span class=\"post_counters_number\">0<\/span><\/a>\n\t\t<a class=\"post_counters_item post_counters_likes icon-heart enabled\" title=\"Like\" href=\"#\"\n\t\tdata-postid=\"2031\"\n\t\tdata-likes=\"2\"\n\t\tdata-title-like=\"Like\"\n\t\tdata-title-dislike=\"Dislike\"><span class=\"post_counters_number\">2<\/span><\/a>\n\t<\/span>\n\t\t<\/div>\t\t\t\t\t<div class=\"post_descr\">\n\t\t\t\t\t\t<p><\/p><a href=\"http:\/\/www.fruitales.com\/?p=2031\" class=\"sc_button sc_button_square sc_button_style_border sc_button_size_small\">Lire l'article<\/a>\t\t\t\t\t<\/div>\n\n\t\t\t\t<\/div>\t\t\t\t<!-- \/.post_content -->\n\t\t\t<\/div>\t<!-- \/.post_item -->\n\t\t<\/div>\t\t\t\t\t\t<!-- \/.isotope_item -->\n\t\t\t\t<div class=\"isotope_item isotope_item_classic isotope_item_classic_3 isotope_column_3\t\t\t\t\t\">\n\t\t\t<div class=\"post_item post_item_classic post_item_classic_3\t\t\t\t  post_format_standard even\">\n\n                \n\t\t\t\t\t\t\t\t\t<div class=\"post_featured\">\n\t\t\t\t\t\t\t<div class=\"post_thumb\" data-image=\"http:\/\/www.fruitales.com\/wp-content\/uploads\/2018\/09\/feuilles-de-kinkeliba-fruitales.png\" data-title=\"Le kinkeliba (Combretum micranthum)\">\n\t<a class=\"hover_icon hover_icon_link\" href=\"http:\/\/www.fruitales.com\/?p=2029\"><img class=\"wp-post-image\" width=\"370\" height=\"370\" alt=\"Le kinkeliba (Combretum micranthum)\" src=\"http:\/\/www.fruitales.com\/wp-content\/uploads\/2018\/09\/feuilles-de-kinkeliba-fruitales-370x370.png\"><\/a>\t<\/div>\n\t\t\t\t\t\t<\/div>\n\t\t\t\t\n\t\t\t\t<div class=\"post_content isotope_item_content\">\n                    \t\t\t\t\t\t\t<h5 class=\"post_title\"><a href=\"http:\/\/www.fruitales.com\/?p=2029\">Le kinkeliba (Combretum micranthum)<\/a><\/h5>\n                                <div class=\"post_info\">\n\t\t\t<span class=\"post_info_item post_info_posted\"> <a href=\"http:\/\/www.fruitales.com\/?p=2029\" class=\"post_info_date\">5 September 2018<\/a><\/span>\n\t\t\t\t<span class=\"post_info_item post_info_counters\">\t<a class=\"post_counters_item post_counters_views icon-eye\" title=\"Views - 10314\" href=\"http:\/\/www.fruitales.com\/?p=2029\"><span class=\"post_counters_number\">10314<\/span><\/a>\n\t\t<a class=\"post_counters_item post_counters_comments icon-comment\" title=\"Comments - 0\" href=\"http:\/\/www.fruitales.com\/?p=2029#respond\"><span class=\"post_counters_number\">0<\/span><\/a>\n\t\t<a class=\"post_counters_item post_counters_likes icon-heart enabled\" title=\"Like\" href=\"#\"\n\t\tdata-postid=\"2029\"\n\t\tdata-likes=\"2\"\n\t\tdata-title-like=\"Like\"\n\t\tdata-title-dislike=\"Dislike\"><span class=\"post_counters_number\">2<\/span><\/a>\n\t<\/span>\n\t\t<\/div>\t\t\t\t\t<div class=\"post_descr\">\n\t\t\t\t\t\t<p><\/p><a href=\"http:\/\/www.fruitales.com\/?p=2029\" class=\"sc_button sc_button_square sc_button_style_border sc_button_size_small\">Lire l'article<\/a>\t\t\t\t\t<\/div>\n\n\t\t\t\t<\/div>\t\t\t\t<!-- \/.post_content -->\n\t\t\t<\/div>\t<!-- \/.post_item -->\n\t\t<\/div>\t\t\t\t\t\t<!-- \/.isotope_item -->\n\t\t<\/div><div class=\"sc_blogger_button sc_item_button\"><a href=\"\/blog\" class=\"sc_button sc_button_square sc_button_style_filled sc_button_size_small  sc_button_iconed icon-right\">Lire plus d&#039;article<\/a><\/div><\/div><\/div><\/div><\/div>[\/vc_column][\/vc_row][vc_row full_width=\u00a0\u00bbstretch_row_content_no_spaces\u00a0\u00bb inverse=\u00a0\u00bb\u00a0\u00bb][vc_column][vc_custom_heading text=\u00a0\u00bbPartenaires &amp; clients\u00a0\u00bb font_container=\u00a0\u00bbtag:h3|text_align:center\u00a0\u00bb google_fonts=\u00a0\u00bbfont_family:PT%20Sans%3Aregular%2Citalic%2C700%2C700italic|font_style:700%20bold%20regular%3A700%3Anormal\u00a0\u00bb][vc_empty_space]<div class=\"cqcarousel-container \" data-slidestoshow=\"4\" data-thumbstoshow=\"7\" data-dots=\"\" data-arrows=\"yes\" data-isgallery=\"\" data-largeimagearrows=\"yes\" data-autoplay=\"yes\" data-autoplayspeed=\"2000\" data-containerwidth=\"\" data-containermaxwidth=\"\" data-imgnum=\"13\" data-bottomversion=\"\" data-dotbottom=\"\" data-lightboxmode=\"prettyphoto\"><div class=\"carousel-thumb \"><div title=\"\"><a href=\"http:\/\/www.fruitales.com\/wp-content\/uploads\/2018\/08\/1-1.png\" class=\"cqcarousel-item\" data-rel=\"prettyPhoto[rel-2029-1332795445]\" rel=\"prettyPhoto[rel-2029-1332795445]\"><img src=\"http:\/\/www.fruitales.com\/wp-content\/uploads\/2018\/08\/1-1.png\" alt=\"\" title=\"1\" \/><\/a><\/div><div title=\"\"><a href=\"http:\/\/www.fruitales.com\/wp-content\/uploads\/2018\/08\/2-1.png\" class=\"cqcarousel-item\" data-rel=\"prettyPhoto[rel-2029-1332795445]\" rel=\"prettyPhoto[rel-2029-1332795445]\"><img src=\"http:\/\/www.fruitales.com\/wp-content\/uploads\/2018\/08\/2-1.png\" alt=\"\" title=\"2\" \/><\/a><\/div><div title=\"\"><a href=\"http:\/\/www.fruitales.com\/wp-content\/uploads\/2018\/08\/4-1.png\" class=\"cqcarousel-item\" data-rel=\"prettyPhoto[rel-2029-1332795445]\" rel=\"prettyPhoto[rel-2029-1332795445]\"><img src=\"http:\/\/www.fruitales.com\/wp-content\/uploads\/2018\/08\/4-1.png\" alt=\"\" title=\"4\" \/><\/a><\/div><div title=\"\"><a href=\"http:\/\/www.fruitales.com\/wp-content\/uploads\/2018\/08\/5-1.png\" class=\"cqcarousel-item\" data-rel=\"prettyPhoto[rel-2029-1332795445]\" rel=\"prettyPhoto[rel-2029-1332795445]\"><img src=\"http:\/\/www.fruitales.com\/wp-content\/uploads\/2018\/08\/5-1.png\" alt=\"\" title=\"5\" \/><\/a><\/div><div title=\"\"><a href=\"http:\/\/www.fruitales.com\/wp-content\/uploads\/2018\/08\/6-1.png\" class=\"cqcarousel-item\" data-rel=\"prettyPhoto[rel-2029-1332795445]\" rel=\"prettyPhoto[rel-2029-1332795445]\"><img src=\"http:\/\/www.fruitales.com\/wp-content\/uploads\/2018\/08\/6-1.png\" alt=\"\" title=\"6\" \/><\/a><\/div><div title=\"\"><a href=\"http:\/\/www.fruitales.com\/wp-content\/uploads\/2018\/08\/7-1.png\" class=\"cqcarousel-item\" data-rel=\"prettyPhoto[rel-2029-1332795445]\" rel=\"prettyPhoto[rel-2029-1332795445]\"><img src=\"http:\/\/www.fruitales.com\/wp-content\/uploads\/2018\/08\/7-1.png\" alt=\"\" title=\"7\" \/><\/a><\/div><div title=\"\"><a href=\"http:\/\/www.fruitales.com\/wp-content\/uploads\/2018\/08\/Untitled-design-1.png\" class=\"cqcarousel-item\" data-rel=\"prettyPhoto[rel-2029-1332795445]\" rel=\"prettyPhoto[rel-2029-1332795445]\"><img src=\"http:\/\/www.fruitales.com\/wp-content\/uploads\/2018\/08\/Untitled-design-1.png\" alt=\"\" title=\"Untitled design (1)\" \/><\/a><\/div><div title=\"\"><a href=\"http:\/\/www.fruitales.com\/wp-content\/uploads\/2018\/08\/12-1.png\" class=\"cqcarousel-item\" data-rel=\"prettyPhoto[rel-2029-1332795445]\" rel=\"prettyPhoto[rel-2029-1332795445]\"><img src=\"http:\/\/www.fruitales.com\/wp-content\/uploads\/2018\/08\/12-1.png\" alt=\"\" title=\"12\" \/><\/a><\/div><div title=\"\"><a href=\"http:\/\/www.fruitales.com\/wp-content\/uploads\/2018\/08\/11-1.png\" class=\"cqcarousel-item\" data-rel=\"prettyPhoto[rel-2029-1332795445]\" rel=\"prettyPhoto[rel-2029-1332795445]\"><img src=\"http:\/\/www.fruitales.com\/wp-content\/uploads\/2018\/08\/11-1.png\" alt=\"\" title=\"11\" \/><\/a><\/div><div title=\"\"><a href=\"http:\/\/www.fruitales.com\/wp-content\/uploads\/2018\/08\/10-1.png\" class=\"cqcarousel-item\" data-rel=\"prettyPhoto[rel-2029-1332795445]\" rel=\"prettyPhoto[rel-2029-1332795445]\"><img src=\"http:\/\/www.fruitales.com\/wp-content\/uploads\/2018\/08\/10-1.png\" alt=\"\" title=\"10\" \/><\/a><\/div><div title=\"\"><a href=\"http:\/\/www.fruitales.com\/wp-content\/uploads\/2018\/08\/9-1.png\" class=\"cqcarousel-item\" data-rel=\"prettyPhoto[rel-2029-1332795445]\" rel=\"prettyPhoto[rel-2029-1332795445]\"><img src=\"http:\/\/www.fruitales.com\/wp-content\/uploads\/2018\/08\/9-1.png\" alt=\"\" title=\"9\" \/><\/a><\/div><div title=\"\"><a href=\"http:\/\/www.fruitales.com\/wp-content\/uploads\/2018\/08\/8-1.png\" class=\"cqcarousel-item\" data-rel=\"prettyPhoto[rel-2029-1332795445]\" rel=\"prettyPhoto[rel-2029-1332795445]\"><img src=\"http:\/\/www.fruitales.com\/wp-content\/uploads\/2018\/08\/8-1.png\" alt=\"\" title=\"8\" \/><\/a><\/div><div title=\"\"><a href=\"http:\/\/www.fruitales.com\/wp-content\/uploads\/2018\/09\/casino.png\" class=\"cqcarousel-item\" data-rel=\"prettyPhoto[rel-2029-1332795445]\" rel=\"prettyPhoto[rel-2029-1332795445]\"><img src=\"http:\/\/www.fruitales.com\/wp-content\/uploads\/2018\/09\/casino.png\" alt=\"\" title=\"casino\" \/><\/a><\/div><\/div><\/div>[\/vc_column][\/vc_row][vc_row full_width=\u00a0\u00bbstretch_row_content_no_spaces\u00a0\u00bb inverse=\u00a0\u00bb\u00a0\u00bb][vc_column]<div class=\"sc_parallax\" data-parallax-speed=\"0.5\" data-parallax-x-pos=\"50%\" data-parallax-y-pos=\"50%\"><div class=\"sc_parallax_content\" style=\"background-image:url(http:\/\/www.fruitales.com\/wp-content\/uploads\/2016\/03\/bg_fruits.png); background-position:50% 50%;\"><div class=\"sc_content content_wrap\" style=\"padding: 6.5rem 0;\"><div class=\"sc_section sc_section_block margin_top_null margin_bottom_null aligncenter\"><div class=\"sc_section_inner\"><h3 class=\"sc_section_title sc_item_title\">Les produits<\/h3><h6 class=\"sc_section_subtitle sc_item_subtitle\">Acc\u00e9der \u00e0 notre catalogue de produit<\/h6><div class=\"sc_section_content_wrap\"><div id=\"sc_menuitems_614306094_wrap\" class=\"sc_menuitems_wrap\"><div id=\"sc_menuitems_614306094\" class=\"sc_menuitems sc_menuitems_style_menuitems-1 \" style=\"width:100%;\"><div class=\"sc_columns columns_wrap\"><div class=\"column-1_2 column_padding_bottom\">\t\t\t<div id=\"sc_menuitems_614306094_1\" \n\t\t\t\tclass=\"sc_menuitems_item sc_menuitems_item_1 odd first\"\n\t\t\t\t>\n\t\t\t\t<div class=\"sc_menuitem_image\"><a href=\"http:\/\/www.fruitales.com\/?menuitems=puree-de-piment-a-lail\"><img class=\"wp-post-image\" width=\"370\" height=\"370\" alt=\"Pur\u00e9e de piment \u00e0 l\u2019ail\" src=\"http:\/\/www.fruitales.com\/wp-content\/uploads\/2018\/07\/pure\u0301e-de-piment-a\u0300-lail-fruitales-370x370.png\"><\/div>                    <div class=\"sc_menuitem_content\">\n                \n                    <h5 class=\"sc_menuitem_title\"><a href=\"http:\/\/www.fruitales.com\/?menuitems=puree-de-piment-a-lail\">Pur\u00e9e de piment \u00e0 l\u2019ail<\/h5><div class=\"sc_menuitem_delimitr\"><\/div>                            <div class=\"sc_menuitem_amount\">100 g \/ 200 g<\/div><\/div>\n                \n\t\t\t<\/div>\n\t\t<\/div><div class=\"column-1_2 column_padding_bottom\">\t\t\t<div id=\"sc_menuitems_614306094_2\" \n\t\t\t\tclass=\"sc_menuitems_item sc_menuitems_item_2 even\"\n\t\t\t\t>\n\t\t\t\t<div class=\"sc_menuitem_image\"><a href=\"http:\/\/www.fruitales.com\/?menuitems=puree-de-piment-jaune-extra-forte\"><img class=\"wp-post-image\" width=\"370\" height=\"370\" alt=\"Pur\u00e9e de Piment Jaune extra forte\" src=\"http:\/\/www.fruitales.com\/wp-content\/uploads\/2018\/07\/piment-jaune-extraforte-fruitales-370x370.png\"><\/div>                    <div class=\"sc_menuitem_content\">\n                \n                    <h5 class=\"sc_menuitem_title\"><a href=\"http:\/\/www.fruitales.com\/?menuitems=puree-de-piment-jaune-extra-forte\">Pur\u00e9e de Piment Jaune extra forte<\/h5><div class=\"sc_menuitem_delimitr\"><\/div>                            <div class=\"sc_menuitem_amount\">100 g \/ 200 g<\/div><\/div>\n                \n\t\t\t<\/div>\n\t\t<\/div><div class=\"column-1_2 column_padding_bottom\">\t\t\t<div id=\"sc_menuitems_614306094_3\" \n\t\t\t\tclass=\"sc_menuitems_item sc_menuitems_item_3 odd\"\n\t\t\t\t>\n\t\t\t\t<div class=\"sc_menuitem_image\"><a href=\"http:\/\/www.fruitales.com\/?menuitems=puree-de-piment-au-gingembre\"><img class=\"wp-post-image\" width=\"370\" height=\"370\" alt=\"Pur\u00e9e de piment au gingembre\" src=\"http:\/\/www.fruitales.com\/wp-content\/uploads\/2018\/07\/piment-au-gingembre-fruitales-370x370.png\"><\/div>                    <div class=\"sc_menuitem_content\">\n                \n                    <h5 class=\"sc_menuitem_title\"><a href=\"http:\/\/www.fruitales.com\/?menuitems=puree-de-piment-au-gingembre\">Pur\u00e9e de piment au gingembre<\/h5><div class=\"sc_menuitem_delimitr\"><\/div>                            <div class=\"sc_menuitem_amount\">30 g \/ 100 g \/ 200 g \/ 350 g<\/div><\/div>\n                \n\t\t\t<\/div>\n\t\t<\/div><div class=\"column-1_2 column_padding_bottom\">\t\t\t<div id=\"sc_menuitems_614306094_4\" \n\t\t\t\tclass=\"sc_menuitems_item sc_menuitems_item_4 even\"\n\t\t\t\t>\n\t\t\t\t<div class=\"sc_menuitem_image\"><a href=\"http:\/\/www.fruitales.com\/?menuitems=sauce-piment-mangue\"><img class=\"wp-post-image\" width=\"370\" height=\"370\" alt=\"Sauce piment mangue\" src=\"http:\/\/www.fruitales.com\/wp-content\/uploads\/2018\/07\/sauce-de-piment-a\u0300-la-mangue-370x370.jpg\"><\/div>                    <div class=\"sc_menuitem_content\">\n                \n                    <h5 class=\"sc_menuitem_title\"><a href=\"http:\/\/www.fruitales.com\/?menuitems=sauce-piment-mangue\">Sauce piment mangue<\/h5><div class=\"sc_menuitem_delimitr\"><\/div>                            <div class=\"sc_menuitem_amount\">30 g \/ 100 g \/ 200 g<\/div><\/div>\n                \n\t\t\t<\/div>\n\t\t<\/div><script>\n\t\t\tjQuery(document).ready(function(){\n\t\t\t\tif (SUNNYJAR_STORAGE['menuitems']===undefined) SUNNYJAR_STORAGE['menuitems'] = [];\n\t\t\t\tSUNNYJAR_STORAGE['menuitems']['sc_menuitems_614306094'] = '1873,1872,1871,1870';\n\t\t\t});\n\t\t<\/script>\n\t\t<\/div><\/div><!-- \/.sc_menuitems --><\/div><!-- \/.sc_menuitems_wrap --><a href=\"?page_id=1291\" class=\"sc_button sc_button_square sc_button_style_filled sc_button_size_small\">Voir plus de produits<\/a><\/div><\/div><\/div><\/div><\/div><\/div>[\/vc_column][\/vc_row][vc_row full_width=\u00a0\u00bbstretch_row_content_no_spaces\u00a0\u00bb][vc_column]<div class=\"sc_promo sc_promo_size_large\"><div class=\"sc_promo_inner\"><div class=\"sc_promo_image\" style=\"background-image:url(http:\/\/www.fruitales.com\/wp-content\/uploads\/2018\/07\/mailbox-2607174_1920.jpg);width:50%;left: 0;\"><\/div><div class=\"content_wrap\"><div class=\"sc_promo_block sc_align_left right\" style=\"width: 50%; float: right;\"><div class=\"sc_promo_block_inner\"><div class=\"sc_promo_content\"><div class=\"sc_section\"><div class=\"sc_section_inner\"><div class=\"sc_section_content_wrap\"><div class=\"sc_section sc_section_block \"><div class=\"sc_section_inner\"><div class=\"sc_section_content_wrap\"><figure class=\"sc_image  alignleft sc_image_shape_square margin_top_null margin_bottom_null margin_left_small-\"><img src=\"http:\/\/www.fruitales.com\/wp-content\/uploads\/2018\/09\/alert.png\" alt=\"\" \/><\/figure><h2 class=\"sc_title sc_title_underline sc_align_left margin_top_small margin_bottom_small\" style=\"text-align:left;color:#ffffff;\">Newsletter de Fruitales<\/h2><\/div><\/div><\/div>[vc_column_text]<span style=\"color: #ffffff;\"><span style=\"font-size: 18.8px;\">Restez connect\u00e9 et inform\u00e9 en souscrivant \u00e0 notre flux de notifications.<\/span><\/span>[\/vc_column_text]<a href=\"http:\/\/www.fruitales.com\/?page_id=1767\" target=\"_blank\" class=\"sc_button sc_button_square sc_button_style_filled_2 sc_button_size_small margin_top_medium  sc_button_iconed icon-mail\">S&rsquo;inscrire<\/a><\/div><\/div><\/div><\/div><\/div><\/div><\/div><\/div><\/div>[\/vc_column][\/vc_row]<\/p>\n","protected":false},"excerpt":{"rendered":"<p>[vc_row full_width=\u00a0\u00bbstretch_row_content_no_spaces\u00a0\u00bb inverse=\u00a0\u00bb\u00a0\u00bb][vc_column][\/vc_column][\/vc_row][vc_row full_width=\u00a0\u00bbstretch_row_content_no_spaces\u00a0\u00bb][vc_column][\/vc_column][\/vc_row][vc_row full_width=\u00a0\u00bbstretch_row_content_no_spaces\u00a0\u00bb inverse=\u00a0\u00bb\u00a0\u00bb][vc_column][\/vc_column][\/vc_row][vc_row full_width=\u00a0\u00bbstretch_row_content_no_spaces\u00a0\u00bb inverse=\u00a0\u00bb\u00a0\u00bb][vc_column][vc_custom_heading text=\u00a0\u00bbPartenaires &amp; clients\u00a0\u00bb font_container=\u00a0\u00bbtag:h3|text_align:center\u00a0\u00bb google_fonts=\u00a0\u00bbfont_family:PT%20Sans%3Aregular%2Citalic%2C700%2C700italic|font_style:700%20bold%20regular%3A700%3Anormal\u00a0\u00bb][vc_empty_space][\/vc_column][\/vc_row][vc_row full_width=\u00a0\u00bbstretch_row_content_no_spaces\u00a0\u00bb inverse=\u00a0\u00bb\u00a0\u00bb][vc_column][\/vc_column][\/vc_row][vc_row full_width=\u00a0\u00bbstretch_row_content_no_spaces\u00a0\u00bb][vc_column][\/vc_column][\/vc_row]<\/p>\n","protected":false},"author":1,"featured_media":0,"parent":0,"menu_order":0,"comment_status":"closed","ping_status":"closed","template":"","meta":[],"_links":{"self":[{"href":"http:\/\/www.fruitales.com\/index.php?rest_route=\/wp\/v2\/pages\/1043"}],"collection":[{"href":"http:\/\/www.fruitales.com\/index.php?rest_route=\/wp\/v2\/pages"}],"about":[{"href":"http:\/\/www.fruitales.com\/index.php?rest_route=\/wp\/v2\/types\/page"}],"author":[{"embeddable":true,"href":"http:\/\/www.fruitales.com\/index.php?rest_route=\/wp\/v2\/users\/1"}],"replies":[{"embeddable":true,"href":"http:\/\/www.fruitales.com\/index.php?rest_route=%2Fwp%2Fv2%2Fcomments&post=1043"}],"version-history":[{"count":24,"href":"http:\/\/www.fruitales.com\/index.php?rest_route=\/wp\/v2\/pages\/1043\/revisions"}],"predecessor-version":[{"id":2143,"href":"http:\/\/www.fruitales.com\/index.php?rest_route=\/wp\/v2\/pages\/1043\/revisions\/2143"}],"wp:attachment":[{"href":"http:\/\/www.fruitales.com\/index.php?rest_route=%2Fwp%2Fv2%2Fmedia&parent=1043"}],"curies":[{"name":"wp","href":"https:\/\/api.w.org\/{rel}","templated":true}]}}